{"id":25,"date":"2008-12-29T14:14:35","date_gmt":"2008-12-29T13:14:35","guid":{"rendered":"http:\/\/www.13thmonkey.de\/news\/?page_id=25"},"modified":"2022-04-28T12:59:24","modified_gmt":"2022-04-28T10:59:24","slug":"video","status":"publish","type":"page","link":"https:\/\/www.13thmonkey.de\/news\/video\/","title":{"rendered":"video"},"content":{"rendered":"<p><strong>&#8230;videoclips&#8230;<\/strong><\/p>\n<p>Hier eine Auswahl von 13th Monkey (Live-) Videos, mehr auf unserem <a href=\"http:\/\/www.youtube.com\/playlist?list=PLD12F482BE581CCE6\" target=\"_blank\" rel=\"noopener noreferrer\">Youtube-Channel<\/a>.<\/p>\n<p>Grainz<br \/>\n<iframe loading=\"lazy\" width=\"560\" height=\"315\" src=\"https:\/\/www.youtube.com\/embed\/PFy9a4511jM\" title=\"YouTube video player\" frameborder=\"0\" allow=\"accelerometer; autoplay; clipboard-write; encrypted-media; gyroscope; picture-in-picture\" allowfullscreen><\/iframe><\/p>\n<p>Kraken<\/p>\n<p><iframe loading=\"lazy\" src=\"https:\/\/www.youtube.com\/embed\/ly2JhBjiWOE\" width=\"560\" height=\"315\" frameborder=\"0\" allowfullscreen=\"allowfullscreen\"><\/iframe><\/p>\n<p>Cedera Mas<\/p>\n<p><iframe loading=\"lazy\" src=\"https:\/\/www.youtube.com\/embed\/3Jv8VTF7GQM\" width=\"560\" height=\"315\" frameborder=\"0\" allowfullscreen=\"allowfullscreen\"><\/iframe><\/p>\n<p><strong>&#8230;live&#8230;<\/strong><\/p>\n<p><strong>13th Monkey live @ Forms Of Hands 21<\/strong><\/p>\n<p><iframe loading=\"lazy\" width=\"560\" height=\"315\" src=\"https:\/\/www.youtube.com\/embed\/0kpZN5_gZC4\" title=\"YouTube video player\" frameborder=\"0\" allow=\"accelerometer; autoplay; clipboard-write; encrypted-media; gyroscope; picture-in-picture\" allowfullscreen><\/iframe><\/p>\n<p>Monkey Bites live @ Forms Of Hands 21<br \/>\n<em>Schachtanlage K\u00f6nigsborn, B\u00f6nen (GER), 25.04.15<\/em><\/p>\n<p><iframe loading=\"lazy\" width=\"560\" height=\"315\" src=\"https:\/\/www.youtube.com\/embed\/x7N0UeuMvYE\" title=\"YouTube video player\" frameborder=\"0\" allow=\"accelerometer; autoplay; clipboard-write; encrypted-media; gyroscope; picture-in-picture\" allowfullscreen><\/iframe><br \/>\nExhibition live @ Forms Of Hands 21<br \/>\n<em>Schachtanlage K\u00f6nigsborn, B\u00f6nen (GER), 25.04.15<\/em><\/p>\n<p><strong>13th Monkey live @ Forms Of Hands 15<\/strong><\/p>\n<p><iframe loading=\"lazy\" src=\"https:\/\/www.youtube.com\/embed\/CHqllkuMoZw\" width=\"640\" height=\"360\" frameborder=\"0\" allowfullscreen=\"allowfullscreen\"><\/iframe><br \/>\nlive @ Forms Of Hands 15<br \/>\n<em>Schachtanlage K\u00f6nigsborn, B\u00f6nen (GER), 25.04.15<\/em><\/p>\n<p><strong>13th Monkey live @ Koma Festival 2013<\/strong><\/p>\n<p><iframe loading=\"lazy\" src=\"\/\/www.youtube.com\/embed\/QJDDCf-l7oc\" width=\"640\" height=\"360\" frameborder=\"0\" allowfullscreen=\"allowfullscreen\"><\/iframe><br \/>\nMister 29 live @ Koma Festival 2013<br \/>\n<em>Oslo (NOR), 22.06.15<\/em><\/p>\n<p><iframe loading=\"lazy\" src=\"\/\/www.youtube.com\/embed\/sjfnJiNbFok\" width=\"640\" height=\"360\" frameborder=\"0\" allowfullscreen=\"allowfullscreen\"><\/iframe><br \/>\nMonkey Bites live @ Koma Festival 2013<br \/>\n<em>Oslo (NOR), 22.06.15<\/em><\/p>\n<p><iframe loading=\"lazy\" src=\"\/\/www.youtube.com\/embed\/0kfHENuvlOU\" width=\"640\" height=\"360\" frameborder=\"0\" allowfullscreen=\"allowfullscreen\"><\/iframe><br \/>\nCedera live @ Koma Festival 2013<br \/>\n<em>Oslo (NOR), 22.06.15<\/em><\/p>\n<p><strong>13th Monkey live @ Forms Of Hands 12<\/strong><\/p>\n<p><iframe loading=\"lazy\" src=\"http:\/\/www.youtube.com\/embed\/pCytCNHiDNg\" width=\"640\" height=\"360\" frameborder=\"0\" allowfullscreen=\"allowfullscreen\"><\/iframe><br \/>\nlive @ Forms Of Hands 12<br \/>\n<em>Schachtanlage K\u00f6nigsborn, B\u00f6nen (GER), 27.04.12<\/em><\/p>\n<p><iframe loading=\"lazy\" src=\"http:\/\/www.youtube.com\/embed\/D8iVb7p14bc\" width=\"620\" height=\"465\" frameborder=\"0\" allowfullscreen=\"allowfullscreen\"><\/iframe><br \/>\nlive @ Forms Of Hands 12<br \/>\n<em>Schachtanlage K\u00f6nigsborn, B\u00f6nen (GER), 27.04.12<\/em><\/p>\n<p><strong>13th Monkey live @ WGT 2011<\/strong><\/p>\n<p><iframe loading=\"lazy\" src=\"http:\/\/www.youtube.com\/embed\/9wEt2noU3fo\" width=\"620\" height=\"495\" frameborder=\"0\" allowfullscreen=\"allowfullscreen\"><\/iframe><br \/>\nlive @ Wave Gotik Treffen 2011<br \/>\n<em>Werk 2, Leipzig (GER), 12.06.11<\/em><\/p>\n<p><strong>13th Monkey live @ Subfrequencies Industrial Special 2011<\/strong><\/p>\n<p><iframe loading=\"lazy\" title=\"YouTube video player\" src=\"http:\/\/www.youtube.com\/embed\/p4BpQJx9KoI\" width=\"620\" height=\"379\" frameborder=\"0\"><\/iframe><br \/>\nlive @ Subfrequencies Industrial Special<br \/>\n<em>Anna &amp; Arthur, L\u00fcneburg (GER), 15.01.11<\/em><\/p>\n<p><iframe loading=\"lazy\" title=\"YouTube video player\" src=\"http:\/\/www.youtube.com\/embed\/YBIP99cXvcs\" width=\"620\" height=\"379\" frameborder=\"0\"><\/iframe><br \/>\nlive @ Subfrequencies Industrial Special<br \/>\n<em>Anna &amp; Arthur, L\u00fcneburg (GER), 15.01.11<\/em><\/p>\n<p><strong>13th Monkey live @ Maschinenfest 2010<\/strong><\/p>\n<p><iframe loading=\"lazy\" src=\"http:\/\/www.youtube.com\/embed\/VYCFoFDjIUg\" width=\"620\" height=\"465\" frameborder=\"0\" allowfullscreen=\"allowfullscreen\"><\/iframe><br \/>\nCedera Mas live @ Maschinenfest 2010<br \/>\n<em>Turbinenhalle, Oberhausen (GER), 05.11.10<\/em><\/p>\n<p><strong>13th Monkey live @ Infest 2007<\/strong><\/p>\n<p><iframe loading=\"lazy\" src=\"http:\/\/www.youtube.com\/embed\/2Igzwtk2dNQ\" width=\"620\" height=\"465\" frameborder=\"0\" allowfullscreen=\"allowfullscreen\"><\/iframe><br \/>\nTremor live @ Infest 2007<br \/>\n<em>University Of Bradford (UK), 25.08.07<\/em><\/p>\n<p><iframe loading=\"lazy\" src=\"http:\/\/www.youtube.com\/embed\/s2-4os50_Gc\" width=\"620\" height=\"465\" frameborder=\"0\" allowfullscreen=\"allowfullscreen\"><\/iframe><br \/>\nAnality live @ Infest 2007<br \/>\n<em>University Of Bradford (UK), 25.08.07<\/em><\/p>\n<p><iframe loading=\"lazy\" src=\"http:\/\/www.youtube.com\/embed\/PK6uQQ637dk\" width=\"620\" height=\"465\" frameborder=\"0\" allowfullscreen=\"allowfullscreen\"><\/iframe><br \/>\nSojifu \/ Monkey 3 \/ Uzumaki live @ Infest 2007<br \/>\n<em>University Of Bradford (UK), 25.08.07<\/em><\/p>\n<p><iframe loading=\"lazy\" src=\"http:\/\/www.youtube.com\/embed\/8u-3ZgoKP0s\" width=\"620\" height=\"465\" frameborder=\"0\" allowfullscreen=\"allowfullscreen\"><\/iframe><br \/>\nlive @ Infest 2007<br \/>\n<em>University Of Bradford (UK), 25.08.07<\/em><\/p>\n<p><strong>13th Monkey live @ 5 1\/5 Jahre Kellermusik Records 2007<\/strong><\/p>\n<p><iframe loading=\"lazy\" src=\"http:\/\/www.youtube.com\/embed\/l7DjZlUxc5o\" width=\"620\" height=\"465\" frameborder=\"0\" allowfullscreen=\"allowfullscreen\"><\/iframe><br \/>\nMonkey Bites live @ 5 1\/5 Jahre Kellermusik Records<br \/>\n<em>Victor Jara, Leipzig (GER), 28.04.07<\/em><\/p>\n<p><iframe loading=\"lazy\" src=\"http:\/\/www.youtube.com\/embed\/YwuTfqPSW-8\" width=\"620\" height=\"465\" frameborder=\"0\" allowfullscreen=\"allowfullscreen\"><\/iframe><br \/>\nlive @ 5 1\/5 Jahre Kellermusik Records<br \/>\n<em>Victor Jara, Leipzig (GER), 28.04.07<\/em><\/p>\n<p><iframe loading=\"lazy\" src=\"http:\/\/www.youtube.com\/embed\/V8Sop-DWKiU\" width=\"620\" height=\"465\" frameborder=\"0\" allowfullscreen=\"allowfullscreen\"><\/iframe><br \/>\nlive @ 5 1\/5 Jahre Kellermusik Records<br \/>\n<em>Victor Jara, Leipzig (GER), 28.04.07<\/em><\/p>\n<p><strong>13th Monkey live @ Digital Hardcore Riot 2006<\/strong><\/p>\n<p><iframe loading=\"lazy\" src=\"http:\/\/www.youtube.com\/embed\/56jY8Nwqzxg\" width=\"620\" height=\"465\" frameborder=\"0\" allowfullscreen=\"allowfullscreen\"><\/iframe><br \/>\nlive @ Digital Hardcore Riot<br \/>\n<em>Kulturklub Relax, L\u00fcneburg (GER), 28.04.06<\/em><\/p>\n<p><strong>&#8230;sonstiges&#8230;<\/strong><\/p>\n<p><strong>Miss Jinny Show @ Infest 2007: So What Do You Think Of 13th Monkey?<\/strong><\/p>\n<p><iframe loading=\"lazy\" src=\"http:\/\/www.youtube.com\/embed\/HcAlGDHq994\" width=\"620\" height=\"465\" frameborder=\"0\" allowfullscreen=\"allowfullscreen\"><\/iframe><br \/>\nPublikumsreaktionen nach dem 13th Monkey Set beim Infest 2007<br \/>\n<em>University Of Bradford (UK), 25.08.07<\/em><!--:--><!--:en--><strong>&#8230;videoclips&#8230;<\/strong><\/p>\n<p>Here is a small selection of 13th Monkey (live-) videos, more on our <a href=\"http:\/\/www.youtube.com\/playlist?list=PLD12F482BE581CCE6\" target=\"_blank\" rel=\"noopener noreferrer\">Youtube-Channel<\/a>.<\/p>\n","protected":false},"excerpt":{"rendered":"<p>&#8230;videoclips&#8230; Hier eine Auswahl von 13th Monkey (Live-) Videos, mehr auf unserem Youtube-Channel. Grainz Kraken Cedera Mas &#8230;live&#8230; 13th Monkey live @ Forms Of Hands 21 Monkey Bites live @ Forms Of Hands 21 Schachtanlage K\u00f6nigsborn, B\u00f6nen (GER), 25.04.15 Exhibition live @ Forms Of Hands 21 Schachtanlage K\u00f6nigsborn, B\u00f6nen (GER), 25.04.15 13th Monkey live @&hellip;<\/p>\n","protected":false},"author":2,"featured_media":0,"parent":0,"menu_order":5,"comment_status":"closed","ping_status":"closed","template":"","meta":{"ngg_post_thumbnail":0,"footnotes":""},"class_list":["post-25","page","type-page","status-publish","hentry"],"yoast_head":"<!-- This site is optimized with the Yoast SEO plugin v27.2 - https:\/\/yoast.com\/product\/yoast-seo-wordpress\/ -->\n<title>video - 13th MONKEY<\/title>\n<meta name=\"robots\" content=\"index, follow, max-snippet:-1, max-image-preview:large, max-video-preview:-1\" \/>\n<link rel=\"canonical\" href=\"https:\/\/www.13thmonkey.de\/news\/video\/\" \/>\n<meta property=\"og:locale\" content=\"de_DE\" \/>\n<meta property=\"og:type\" content=\"article\" \/>\n<meta property=\"og:title\" content=\"video - 13th MONKEY\" \/>\n<meta property=\"og:description\" content=\"&#8230;videoclips&#8230; Hier eine Auswahl von 13th Monkey (Live-) Videos, mehr auf unserem Youtube-Channel. Grainz Kraken Cedera Mas &#8230;live&#8230; 13th Monkey live @ Forms Of Hands 21 Monkey Bites live @ Forms Of Hands 21 Schachtanlage K\u00f6nigsborn, B\u00f6nen (GER), 25.04.15 Exhibition live @ Forms Of Hands 21 Schachtanlage K\u00f6nigsborn, B\u00f6nen (GER), 25.04.15 13th Monkey live @&hellip;\" \/>\n<meta property=\"og:url\" content=\"https:\/\/www.13thmonkey.de\/news\/video\/\" \/>\n<meta property=\"og:site_name\" content=\"13th MONKEY\" \/>\n<meta property=\"article:modified_time\" content=\"2022-04-28T10:59:24+00:00\" \/>\n<meta name=\"twitter:card\" content=\"summary_large_image\" \/>\n<meta name=\"twitter:label1\" content=\"Gesch\u00e4tzte Lesezeit\" \/>\n\t<meta name=\"twitter:data1\" content=\"1\u00a0Minute\" \/>\n<script type=\"application\/ld+json\" class=\"yoast-schema-graph\">{\"@context\":\"https:\/\/schema.org\",\"@graph\":[{\"@type\":\"WebPage\",\"@id\":\"https:\/\/www.13thmonkey.de\/news\/video\/\",\"url\":\"https:\/\/www.13thmonkey.de\/news\/video\/\",\"name\":\"video - 13th MONKEY\",\"isPartOf\":{\"@id\":\"https:\/\/www.13thmonkey.de\/news\/#website\"},\"datePublished\":\"2008-12-29T13:14:35+00:00\",\"dateModified\":\"2022-04-28T10:59:24+00:00\",\"breadcrumb\":{\"@id\":\"https:\/\/www.13thmonkey.de\/news\/video\/#breadcrumb\"},\"inLanguage\":\"de\",\"potentialAction\":[{\"@type\":\"ReadAction\",\"target\":[\"https:\/\/www.13thmonkey.de\/news\/video\/\"]}]},{\"@type\":\"BreadcrumbList\",\"@id\":\"https:\/\/www.13thmonkey.de\/news\/video\/#breadcrumb\",\"itemListElement\":[{\"@type\":\"ListItem\",\"position\":1,\"name\":\"Startseite\",\"item\":\"https:\/\/www.13thmonkey.de\/news\/\"},{\"@type\":\"ListItem\",\"position\":2,\"name\":\"video\"}]},{\"@type\":\"WebSite\",\"@id\":\"https:\/\/www.13thmonkey.de\/news\/#website\",\"url\":\"https:\/\/www.13thmonkey.de\/news\/\",\"name\":\"13th MONKEY\",\"description\":\"Digital Tech Fractures\",\"potentialAction\":[{\"@type\":\"SearchAction\",\"target\":{\"@type\":\"EntryPoint\",\"urlTemplate\":\"https:\/\/www.13thmonkey.de\/news\/?s={search_term_string}\"},\"query-input\":{\"@type\":\"PropertyValueSpecification\",\"valueRequired\":true,\"valueName\":\"search_term_string\"}}],\"inLanguage\":\"de\"}]}<\/script>\n<!-- \/ Yoast SEO plugin. -->","yoast_head_json":{"title":"video - 13th MONKEY","robots":{"index":"index","follow":"follow","max-snippet":"max-snippet:-1","max-image-preview":"max-image-preview:large","max-video-preview":"max-video-preview:-1"},"canonical":"https:\/\/www.13thmonkey.de\/news\/video\/","og_locale":"de_DE","og_type":"article","og_title":"video - 13th MONKEY","og_description":"&#8230;videoclips&#8230; Hier eine Auswahl von 13th Monkey (Live-) Videos, mehr auf unserem Youtube-Channel. Grainz Kraken Cedera Mas &#8230;live&#8230; 13th Monkey live @ Forms Of Hands 21 Monkey Bites live @ Forms Of Hands 21 Schachtanlage K\u00f6nigsborn, B\u00f6nen (GER), 25.04.15 Exhibition live @ Forms Of Hands 21 Schachtanlage K\u00f6nigsborn, B\u00f6nen (GER), 25.04.15 13th Monkey live @&hellip;","og_url":"https:\/\/www.13thmonkey.de\/news\/video\/","og_site_name":"13th MONKEY","article_modified_time":"2022-04-28T10:59:24+00:00","twitter_card":"summary_large_image","twitter_misc":{"Gesch\u00e4tzte Lesezeit":"1\u00a0Minute"},"schema":{"@context":"https:\/\/schema.org","@graph":[{"@type":"WebPage","@id":"https:\/\/www.13thmonkey.de\/news\/video\/","url":"https:\/\/www.13thmonkey.de\/news\/video\/","name":"video - 13th MONKEY","isPartOf":{"@id":"https:\/\/www.13thmonkey.de\/news\/#website"},"datePublished":"2008-12-29T13:14:35+00:00","dateModified":"2022-04-28T10:59:24+00:00","breadcrumb":{"@id":"https:\/\/www.13thmonkey.de\/news\/video\/#breadcrumb"},"inLanguage":"de","potentialAction":[{"@type":"ReadAction","target":["https:\/\/www.13thmonkey.de\/news\/video\/"]}]},{"@type":"BreadcrumbList","@id":"https:\/\/www.13thmonkey.de\/news\/video\/#breadcrumb","itemListElement":[{"@type":"ListItem","position":1,"name":"Startseite","item":"https:\/\/www.13thmonkey.de\/news\/"},{"@type":"ListItem","position":2,"name":"video"}]},{"@type":"WebSite","@id":"https:\/\/www.13thmonkey.de\/news\/#website","url":"https:\/\/www.13thmonkey.de\/news\/","name":"13th MONKEY","description":"Digital Tech Fractures","potentialAction":[{"@type":"SearchAction","target":{"@type":"EntryPoint","urlTemplate":"https:\/\/www.13thmonkey.de\/news\/?s={search_term_string}"},"query-input":{"@type":"PropertyValueSpecification","valueRequired":true,"valueName":"search_term_string"}}],"inLanguage":"de"}]}},"_links":{"self":[{"href":"https:\/\/www.13thmonkey.de\/news\/wp-json\/wp\/v2\/pages\/25","targetHints":{"allow":["GET"]}}],"collection":[{"href":"https:\/\/www.13thmonkey.de\/news\/wp-json\/wp\/v2\/pages"}],"about":[{"href":"https:\/\/www.13thmonkey.de\/news\/wp-json\/wp\/v2\/types\/page"}],"author":[{"embeddable":true,"href":"https:\/\/www.13thmonkey.de\/news\/wp-json\/wp\/v2\/users\/2"}],"replies":[{"embeddable":true,"href":"https:\/\/www.13thmonkey.de\/news\/wp-json\/wp\/v2\/comments?post=25"}],"version-history":[{"count":53,"href":"https:\/\/www.13thmonkey.de\/news\/wp-json\/wp\/v2\/pages\/25\/revisions"}],"predecessor-version":[{"id":3043,"href":"https:\/\/www.13thmonkey.de\/news\/wp-json\/wp\/v2\/pages\/25\/revisions\/3043"}],"wp:attachment":[{"href":"https:\/\/www.13thmonkey.de\/news\/wp-json\/wp\/v2\/media?parent=25"}],"curies":[{"name":"wp","href":"https:\/\/api.w.org\/{rel}","templated":true}]}}